{"id":410,"date":"2020-10-17T13:57:07","date_gmt":"2020-10-17T13:57:07","guid":{"rendered":"https:\/\/imbach-elko.ch\/?page_id=410"},"modified":"2024-02-01T13:47:14","modified_gmt":"2024-02-01T13:47:14","slug":"organigramm-leitbild","status":"publish","type":"page","link":"https:\/\/imbach-elko.ch\/?page_id=410","title":{"rendered":"Organigramm \/ Leitbild"},"content":{"rendered":"\t\t<div data-elementor-type=\"wp-page\" data-elementor-id=\"410\" class=\"elementor elementor-410\" data-elementor-post-type=\"page\">\n\t\t\t\t\t\t<section class=\"elementor-section elementor-top-section elementor-element elementor-element-7b06b32 elementor-section-boxed elementor-section-height-default elementor-section-height-default\" data-id=\"7b06b32\" data-element_type=\"section\" data-e-type=\"section\">\n\t\t\t\t\t\t<div class=\"elementor-container elementor-column-gap-default\">\n\t\t\t\t\t<div class=\"elementor-column elementor-col-100 elementor-top-column elementor-element elementor-element-5cd1a70\" data-id=\"5cd1a70\" data-element_type=\"column\" data-e-type=\"column\">\n\t\t\t<div class=\"elementor-widget-wrap elementor-element-populated\">\n\t\t\t\t\t\t<div class=\"elementor-element elementor-element-46c4e4c elementor-widget elementor-widget-spacer\" data-id=\"46c4e4c\" data-element_type=\"widget\" data-e-type=\"widget\" data-widget_type=\"spacer.default\">\n\t\t\t\t<div class=\"elementor-widget-container\">\n\t\t\t\t\t\t\t<div class=\"elementor-spacer\">\n\t\t\t<div class=\"elementor-spacer-inner\"><\/div>\n\t\t<\/div>\n\t\t\t\t\t\t<\/div>\n\t\t\t\t<\/div>\n\t\t\t\t\t<\/div>\n\t\t<\/div>\n\t\t\t\t\t<\/div>\n\t\t<\/section>\n\t\t\t\t<section class=\"elementor-section elementor-top-section elementor-element elementor-element-a324617 elementor-section-boxed elementor-section-height-default elementor-section-height-default\" data-id=\"a324617\" data-element_type=\"section\" data-e-type=\"section\">\n\t\t\t\t\t\t<div class=\"elementor-container elementor-column-gap-default\">\n\t\t\t\t\t<div class=\"elementor-column elementor-col-100 elementor-top-column elementor-element elementor-element-00f92dc\" data-id=\"00f92dc\" data-element_type=\"column\" data-e-type=\"column\">\n\t\t\t<div class=\"elementor-widget-wrap elementor-element-populated\">\n\t\t\t\t\t\t<div class=\"elementor-element elementor-element-7eb2b54 elementor-widget elementor-widget-heading\" data-id=\"7eb2b54\" data-element_type=\"widget\" data-e-type=\"widget\" data-widget_type=\"heading.default\">\n\t\t\t\t<div class=\"elementor-widget-container\">\n\t\t\t\t\t<h2 class=\"elementor-heading-title elementor-size-default\">Organigramm ist in Bearbeitung...<\/h2>\t\t\t\t<\/div>\n\t\t\t\t<\/div>\n\t\t\t\t<div class=\"elementor-element elementor-element-a9b1252 elementor-widget elementor-widget-image\" data-id=\"a9b1252\" data-element_type=\"widget\" data-e-type=\"widget\" data-widget_type=\"image.default\">\n\t\t\t\t<div class=\"elementor-widget-container\">\n\t\t\t\t\t\t\t\t\t\t\t\t\t\t\t\t<a href=\"https:\/\/imbach-elko.ch\/wp-content\/uploads\/2024\/02\/Spot-alleine-e1706795149560.png\" data-elementor-open-lightbox=\"yes\" data-elementor-lightbox-title=\"Spot alleine\" data-e-action-hash=\"#elementor-action%3Aaction%3Dlightbox%26settings%3DeyJpZCI6MTY1OCwidXJsIjoiaHR0cHM6XC9cL2ltYmFjaC1lbGtvLmNoXC93cC1jb250ZW50XC91cGxvYWRzXC8yMDI0XC8wMlwvU3BvdC1hbGxlaW5lLWUxNzA2Nzk1MTQ5NTYwLnBuZyJ9\">\n\t\t\t\t\t\t\t<img fetchpriority=\"high\" decoding=\"async\" width=\"350\" height=\"481\" src=\"https:\/\/imbach-elko.ch\/wp-content\/uploads\/2024\/02\/Spot-alleine-e1706795149560.png\" class=\"attachment-large size-large wp-image-1658\" alt=\"\" \/>\t\t\t\t\t\t\t\t<\/a>\n\t\t\t\t\t\t\t\t\t\t\t\t\t\t\t<\/div>\n\t\t\t\t<\/div>\n\t\t\t\t\t<\/div>\n\t\t<\/div>\n\t\t\t\t\t<\/div>\n\t\t<\/section>\n\t\t\t\t<section class=\"elementor-section elementor-top-section elementor-element elementor-element-aa0774a elementor-section-boxed elementor-section-height-default elementor-section-height-default\" data-id=\"aa0774a\" data-element_type=\"section\" data-e-type=\"section\">\n\t\t\t\t\t\t<div class=\"elementor-container elementor-column-gap-default\">\n\t\t\t\t\t<div class=\"elementor-column elementor-col-100 elementor-top-column elementor-element elementor-element-2c1e60d\" data-id=\"2c1e60d\" data-element_type=\"column\" data-e-type=\"column\">\n\t\t\t<div class=\"elementor-widget-wrap elementor-element-populated\">\n\t\t\t\t\t\t<div class=\"elementor-element elementor-element-d76a9ea elementor-widget elementor-widget-spacer\" data-id=\"d76a9ea\" data-element_type=\"widget\" data-e-type=\"widget\" data-widget_type=\"spacer.default\">\n\t\t\t\t<div class=\"elementor-widget-container\">\n\t\t\t\t\t\t\t<div class=\"elementor-spacer\">\n\t\t\t<div class=\"elementor-spacer-inner\"><\/div>\n\t\t<\/div>\n\t\t\t\t\t\t<\/div>\n\t\t\t\t<\/div>\n\t\t\t\t<div class=\"elementor-element elementor-element-4bbe776 elementor-widget elementor-widget-heading\" data-id=\"4bbe776\" data-element_type=\"widget\" data-e-type=\"widget\" data-widget_type=\"heading.default\">\n\t\t\t\t<div class=\"elementor-widget-container\">\n\t\t\t\t\t<h2 class=\"elementor-heading-title elementor-size-default\">Leitbild<\/h2>\t\t\t\t<\/div>\n\t\t\t\t<\/div>\n\t\t\t\t<div class=\"elementor-element elementor-element-ef1efae elementor-widget elementor-widget-spacer\" data-id=\"ef1efae\" data-element_type=\"widget\" data-e-type=\"widget\" data-widget_type=\"spacer.default\">\n\t\t\t\t<div class=\"elementor-widget-container\">\n\t\t\t\t\t\t\t<div class=\"elementor-spacer\">\n\t\t\t<div class=\"elementor-spacer-inner\"><\/div>\n\t\t<\/div>\n\t\t\t\t\t\t<\/div>\n\t\t\t\t<\/div>\n\t\t\t\t<div class=\"elementor-element elementor-element-a834521 elementor-widget elementor-widget-text-editor\" data-id=\"a834521\" data-element_type=\"widget\" data-e-type=\"widget\" data-widget_type=\"text-editor.default\">\n\t\t\t\t<div class=\"elementor-widget-container\">\n\t\t\t\t\t\t\t\t\t<p>Als dienstleistender Familienbetrieb sind wir der kompetente, unkomplizierte und zuverl\u00e4ssige Partner, wenn es um Ihre Elektroprojekte geht. Wir erbringen unsere Dienstleistung mit Leidenschaft, qualitativ hochstehend und zu attraktiven Konditionen.<br \/><br \/><strong>Kunden<\/strong><\/p><p>Vertrauen und Service sind Schl\u00fcsselfaktoren einer guten Kundenbeziehung. Auf das setzen wir viel Wert. Unser Ziel ist es jedem Kunde seine Individuelle L\u00f6sungen anzubieten und Ihn so als zufriedener Kunde zu behalten.<\/p><p><strong>Mitarbeiter<\/strong><\/p><p>Unser Erfolg h\u00e4ngt von unserem Team ab, dass, aus unseren Mitarbeiter\u00a0und Mitarbeiterinnen besteht. Wir stehen hinter jedem Mitarbeiter und unterst\u00fctzen und f\u00f6rdern Sie in Ihrer Weiterbildung. Wir geben Ihnen ein motivierendes Umfeld, bieten eine partnerschaftliche F\u00fchrung und fortschrittliche Sozialleistungen.<\/p><p><strong>Unsere Partner<\/strong><\/p><p>Wir setzen auf einheimische Partnerfirmen und Lieferanten. Uns ist es Wichtig mit Partnern zusammenarbeiten, die uns qualitative Hochwertige Produkte liefern. Ebenso erwarten wir gute technische Beratung und administrative Unterst\u00fctzung.<\/p><p><strong>Umwelt\u00a0\u00a0<\/strong><\/p><p>Um einen kleinen Teil an unserer Umwelt beizutragen sind wir sehr interessiert Energieschonende Produkte zu verbauen mit der Absicht Energie zu Sparen.<\/p>\t\t\t\t\t\t\t\t<\/div>\n\t\t\t\t<\/div>\n\t\t\t\t<div class=\"elementor-element elementor-element-a3c5d68 elementor-widget elementor-widget-spacer\" data-id=\"a3c5d68\" data-element_type=\"widget\" data-e-type=\"widget\" data-widget_type=\"spacer.default\">\n\t\t\t\t<div class=\"elementor-widget-container\">\n\t\t\t\t\t\t\t<div class=\"elementor-spacer\">\n\t\t\t<div class=\"elementor-spacer-inner\"><\/div>\n\t\t<\/div>\n\t\t\t\t\t\t<\/div>\n\t\t\t\t<\/div>\n\t\t\t\t\t<\/div>\n\t\t<\/div>\n\t\t\t\t\t<\/div>\n\t\t<\/section>\n\t\t\t\t<\/div>\n\t\t","protected":false},"excerpt":{"rendered":"<p>Organigramm ist in Bearbeitung&#8230; Leitbild Als dienstleistender Familienbetrieb sind wir der kompetente, unkomplizierte und zuverl\u00e4ssige Partner, wenn es um Ihre Elektroprojekte geht. Wir erbringen unsere Dienstleistung mit Leidenschaft, qualitativ hochstehend und zu attraktiven Konditionen. Kunden Vertrauen und Service sind Schl\u00fcsselfaktoren einer guten Kundenbeziehung. Auf das setzen wir viel Wert. Unser Ziel ist es jedem Kunde [&hellip;]<\/p>\n","protected":false},"author":1,"featured_media":0,"parent":0,"menu_order":0,"comment_status":"closed","ping_status":"closed","template":"","meta":{"footnotes":""},"class_list":["post-410","page","type-page","status-publish","hentry"],"_links":{"self":[{"href":"https:\/\/imbach-elko.ch\/index.php?rest_route=\/wp\/v2\/pages\/410","targetHints":{"allow":["GET"]}}],"collection":[{"href":"https:\/\/imbach-elko.ch\/index.php?rest_route=\/wp\/v2\/pages"}],"about":[{"href":"https:\/\/imbach-elko.ch\/index.php?rest_route=\/wp\/v2\/types\/page"}],"author":[{"embeddable":true,"href":"https:\/\/imbach-elko.ch\/index.php?rest_route=\/wp\/v2\/users\/1"}],"replies":[{"embeddable":true,"href":"https:\/\/imbach-elko.ch\/index.php?rest_route=%2Fwp%2Fv2%2Fcomments&post=410"}],"version-history":[{"count":5,"href":"https:\/\/imbach-elko.ch\/index.php?rest_route=\/wp\/v2\/pages\/410\/revisions"}],"predecessor-version":[{"id":1664,"href":"https:\/\/imbach-elko.ch\/index.php?rest_route=\/wp\/v2\/pages\/410\/revisions\/1664"}],"wp:attachment":[{"href":"https:\/\/imbach-elko.ch\/index.php?rest_route=%2Fwp%2Fv2%2Fmedia&parent=410"}],"curies":[{"name":"wp","href":"https:\/\/api.w.org\/{rel}","templated":true}]}}